{"id":11830,"date":"2015-11-11T13:01:50","date_gmt":"2015-11-11T12:01:50","guid":{"rendered":"https:\/\/www.usca.es\/en\/informacion-sobre-el-trafico-aereo\/"},"modified":"2015-12-01T12:30:42","modified_gmt":"2015-12-01T11:30:42","slug":"informacion-sobre-el-trafico-aereo","status":"publish","type":"page","link":"https:\/\/www.usca.es\/en\/informacion-sobre-el-trafico-aereo\/","title":{"rendered":"Informaci\u00f3n sobre el tr\u00e1fico a\u00e9reo"},"content":{"rendered":"<div class=\"info-area\">\n<h4 style=\"text-align: left;\">30 Noviembre 2015<\/h4>\n<p style=\"text-align: center;\"><a href=\"https:\/\/www.usca.es\/wp-content\/uploads\/2015\/10\/Captura-de-pantalla-2015-10-05-a-las-09.57.49.jpg\"><img loading=\"lazy\" class=\"aligncenter size-full wp-image-11948\" src=\"https:\/\/www.usca.es\/wp-content\/uploads\/2015\/11\/Captura-de-pantalla-2015-11-30-a-las-09.24.11.jpg\" alt=\"Captura-de-pantalla-2015-11-30-a-las-09.24.11\" width=\"725\" height=\"371\" srcset=\"https:\/\/www.usca.es\/wp-content\/uploads\/2015\/11\/Captura-de-pantalla-2015-11-30-a-las-09.24.11.jpg 725w, https:\/\/www.usca.es\/wp-content\/uploads\/2015\/11\/Captura-de-pantalla-2015-11-30-a-las-09.24.11-300x154.jpg 300w, https:\/\/www.usca.es\/wp-content\/uploads\/2015\/11\/Captura-de-pantalla-2015-11-30-a-las-09.24.11-24x12.jpg 24w, https:\/\/www.usca.es\/wp-content\/uploads\/2015\/11\/Captura-de-pantalla-2015-11-30-a-las-09.24.11-36x18.jpg 36w, https:\/\/www.usca.es\/wp-content\/uploads\/2015\/11\/Captura-de-pantalla-2015-11-30-a-las-09.24.11-48x25.jpg 48w\" sizes=\"(max-width: 725px) 100vw, 725px\" \/><\/a>\u00a0 <strong><strong><strong>Mapa de demoras de Eurocontrol (Peninsula y Baleares) previsto para las 12:25 UTC.<\/strong><\/strong><\/strong><\/p>\n<p style=\"text-align: center;\"><strong><strong><strong>\u00a0\u00a0\u00a0\u00a0\u00a0\u00a0\u00a0\u00a0\u00a0\u00a0\u00a0\u00a0\u00a0\u00a0\u00a0\u00a0\u00a0\u00a0\u00a0 <img loading=\"lazy\" class=\"aligncenter size-full wp-image-11949\" src=\"https:\/\/www.usca.es\/wp-content\/uploads\/2015\/11\/Captura-de-pantalla-2015-11-30-a-las-09.24.26.jpg\" alt=\"Captura-de-pantalla-2015-11-30-a-las-09.24.26\" width=\"698\" height=\"429\" srcset=\"https:\/\/www.usca.es\/wp-content\/uploads\/2015\/11\/Captura-de-pantalla-2015-11-30-a-las-09.24.26.jpg 698w, https:\/\/www.usca.es\/wp-content\/uploads\/2015\/11\/Captura-de-pantalla-2015-11-30-a-las-09.24.26-300x184.jpg 300w, https:\/\/www.usca.es\/wp-content\/uploads\/2015\/11\/Captura-de-pantalla-2015-11-30-a-las-09.24.26-24x15.jpg 24w, https:\/\/www.usca.es\/wp-content\/uploads\/2015\/11\/Captura-de-pantalla-2015-11-30-a-las-09.24.26-36x22.jpg 36w, https:\/\/www.usca.es\/wp-content\/uploads\/2015\/11\/Captura-de-pantalla-2015-11-30-a-las-09.24.26-48x30.jpg 48w\" sizes=\"(max-width: 698px) 100vw, 698px\" \/>Mapa de demoras de Eurocontrol (Canarias) previsto para las 12:25 UTC.<\/strong><\/strong><\/strong><\/p>\n<p><a href=\"https:\/\/www.public.nm.eurocontrol.int\/PUBPORTAL\/gateway\/spec\/index.html\" target=\"_blank\"><i class=\"fa fa-link\"><\/i> <strong>Pincha para acceder a la web de Eurocontrol<\/strong><\/a><\/p>\n<div style=\"text-align: left;\"><\/div>\n<p><strong>Regulaciones a\u00e9reas:<\/strong><\/p>\n<ul>\n<li>Sin regulaciones.<\/li>\n<\/ul>\n<p><strong>Meteorolog\u00eda:<\/strong><\/p>\n<ul>\n<li>Baja visibilidad\/Nubes bajas (09:25 UTC): Vitoria y Vigo.<\/li>\n<li>Consultar previsi\u00f3n meteorol\u00f3gica en <a href=\"http:\/\/ama.aemet.es\/inicio\" target=\"_blank\">AEMET<\/a><\/li>\n<li>Consultar previsi\u00f3n de Turbulencias en vuelo en Europa: <a href=\"http:\/\/www.jetplan.com\/jeppesen\/weatherServlet?&amp;action=show&amp;graphicType=wxMapPrevG&amp;img=eutball12.gif:14:eutb:.gif:400,350,300,250,200,upr,low,all:400-450,350-400,300-350,250-300,200-250,350-450,200-350,200-450:200:12,18,24:12,18,24\" target=\"_blank\">TURB<\/a><\/li>\n<\/ul>\n<blockquote><p>M\u00e1s informaci\u00f3n en las cuentas de Twitter <strong>@CONTROLADORES<\/strong> y <strong>@USCANET<\/strong>.<\/p><\/blockquote>\n<\/div>\n","protected":false},"excerpt":{"rendered":"<p>30 Noviembre 2015 \u00a0 Mapa de demoras de Eurocontrol (Peninsula y Baleares) previsto para las 12:25 UTC. \u00a0\u00a0\u00a0\u00a0\u00a0\u00a0\u00a0\u00a0\u00a0\u00a0\u00a0\u00a0\u00a0\u00a0\u00a0\u00a0\u00a0\u00a0\u00a0 Mapa de demoras de Eurocontrol (Canarias) previsto para las 12:25 UTC. Pincha para acceder a la web&#8230;<\/p>\n","protected":false},"author":1,"featured_media":0,"parent":0,"menu_order":0,"comment_status":"closed","ping_status":"closed","template":"","meta":[],"acf":[],"_links":{"self":[{"href":"https:\/\/www.usca.es\/en\/wp-json\/wp\/v2\/pages\/11830"}],"collection":[{"href":"https:\/\/www.usca.es\/en\/wp-json\/wp\/v2\/pages"}],"about":[{"href":"https:\/\/www.usca.es\/en\/wp-json\/wp\/v2\/types\/page"}],"author":[{"embeddable":true,"href":"https:\/\/www.usca.es\/en\/wp-json\/wp\/v2\/users\/1"}],"replies":[{"embeddable":true,"href":"https:\/\/www.usca.es\/en\/wp-json\/wp\/v2\/comments?post=11830"}],"version-history":[{"count":1,"href":"https:\/\/www.usca.es\/en\/wp-json\/wp\/v2\/pages\/11830\/revisions"}],"predecessor-version":[{"id":11961,"href":"https:\/\/www.usca.es\/en\/wp-json\/wp\/v2\/pages\/11830\/revisions\/11961"}],"wp:attachment":[{"href":"https:\/\/www.usca.es\/en\/wp-json\/wp\/v2\/media?parent=11830"}],"curies":[{"name":"wp","href":"https:\/\/api.w.org\/{rel}","templated":true}]}}