{"id":11826,"date":"2015-11-16T19:20:50","date_gmt":"2015-11-16T18:20:50","guid":{"rendered":"https:\/\/www.usca.es\/en\/cuentanos-tu-idea\/"},"modified":"2015-11-16T19:20:50","modified_gmt":"2015-11-16T18:20:50","slug":"cuentanos-tu-idea","status":"publish","type":"page","link":"https:\/\/www.usca.es\/en\/cuentanos-tu-idea\/","title":{"rendered":"Cu\u00e9ntanos tu idea"},"content":{"rendered":"<p><strong>\u00bfQUIERES CONTARNOS ALGO?<\/strong><\/p>\n<p><strong>\u00bfTIENES ALGUNA PROPUESTA PROFESIONAL?<\/strong><\/p>\n<p><strong>\u00bfQUIERES COLABORAR CON USCA?<\/strong><\/p>\n<p><strong>CU\u00c9NTANOS TU IDEA.<\/strong><\/p>\n<p>En numerosas ocasiones son los propios afiliados los que detectan problemas en sus dependencias que les gustar\u00eda poner en conocimiento del sindicato por si pudiesen ser objeto de denuncia. En el caso de la segunda pista de M\u00e1laga fueron los propios controladores de la dependencia, en estrecha colaboraci\u00f3n de la Secretar\u00eda de Comunicaci\u00f3n, los que iniciaron el proceso de denuncia del poco uso que se hac\u00eda de ella.<\/p>\n<p>Si est\u00e1is dispuestos a colaborar, os animamos a que nos coment\u00e9is que cuestiones cre\u00e9is que se podr\u00edan estudiar. Accediendo a este <a href=\"http:\/\/controladoresaereos.ning.com\" target=\"_blank\">link<\/a> os redirigimos a un foro de ATC net donde puedes exponer tu idea y donde pueden participar todos los compa\u00f1eros que tengan algo que aportar.<\/p>\n","protected":false},"excerpt":{"rendered":"<p>\u00bfQUIERES CONTARNOS ALGO? \u00bfTIENES ALGUNA PROPUESTA PROFESIONAL? \u00bfQUIERES COLABORAR CON USCA? CU\u00c9NTANOS TU IDEA. En numerosas ocasiones son los propios afiliados los que detectan problemas en sus dependencias que les gustar\u00eda poner en conocimiento del&#8230;<\/p>\n","protected":false},"author":1,"featured_media":0,"parent":0,"menu_order":0,"comment_status":"closed","ping_status":"closed","template":"","meta":[],"acf":[],"_links":{"self":[{"href":"https:\/\/www.usca.es\/en\/wp-json\/wp\/v2\/pages\/11826"}],"collection":[{"href":"https:\/\/www.usca.es\/en\/wp-json\/wp\/v2\/pages"}],"about":[{"href":"https:\/\/www.usca.es\/en\/wp-json\/wp\/v2\/types\/page"}],"author":[{"embeddable":true,"href":"https:\/\/www.usca.es\/en\/wp-json\/wp\/v2\/users\/1"}],"replies":[{"embeddable":true,"href":"https:\/\/www.usca.es\/en\/wp-json\/wp\/v2\/comments?post=11826"}],"version-history":[{"count":0,"href":"https:\/\/www.usca.es\/en\/wp-json\/wp\/v2\/pages\/11826\/revisions"}],"wp:attachment":[{"href":"https:\/\/www.usca.es\/en\/wp-json\/wp\/v2\/media?parent=11826"}],"curies":[{"name":"wp","href":"https:\/\/api.w.org\/{rel}","templated":true}]}}