{"id":11820,"date":"2015-12-01T09:08:06","date_gmt":"2015-12-01T08:08:06","guid":{"rendered":"https:\/\/www.usca.es\/en\/newsletter\/"},"modified":"2015-12-01T09:25:25","modified_gmt":"2015-12-01T08:25:25","slug":"newsletter","status":"publish","type":"page","link":"https:\/\/www.usca.es\/en\/newsletter\/","title":{"rendered":"Newsletter"},"content":{"rendered":"<p>Bienvenido a la p\u00e1gina de \u00a0suscripci\u00f3n del <strong>Bolet\u00edn UscaNet<\/strong>. Rellena el \u00a0siguiente formulario \u00a0y recibir\u00e1s peri\u00f3dicamente un bolet\u00edn digital con las <strong>\u00faltimas noticias relacionadas con el sector aeron\u00e1utico<\/strong>. Estaremos tambi\u00e9n encantados de recibir tus sugerencias y comentarios para ofrecer una mejor informaci\u00f3n. Muchas gracias por tu inter\u00e9s.<\/p>\n<p>[constantcontactapi formid=&#8221;1&#8243;]<\/p>\n<p>Al enviar este formulario, usted concede a USCA, Centro de Control de Tr\u00e1nsito A\u00e9reo. Cam\u00ed Antic de Valencia s\/n. Carretera B-210, Gav\u00e1, Espa\u00f1a\/Barcelona, 08850, Spain, https:\/\/www.usca.es permiso para enviarle correos electr\u00f3nicos. Puede darse de baja a trav\u00e9s del enlace que encontrar\u00e1 en la parte inferior de cada correo electr\u00f3nico. Consulte nuestra <a href=\"http:\/\/www.constantcontact.com\/legal\/privacy-statement\" target=\"_blank\">pol\u00edtica de privacidad de correos electr\u00f3nicos<\/a> para obtener m\u00e1s detalles. Los correos electr\u00f3nicos se env\u00edan a trav\u00e9s de Constant Contact.<\/p>\n<p><em>De conformidad con lo establecido en la Ley Org\u00e1nica 15\/99, de 13 de diciembre, de Protecci\u00f3n de Datos de Car\u00e1cter Personal, le informamos que los datos que nos facilite pasar\u00e1n a formar parte de la base de datos de USCA. Ud. tiene el derecho a acceder a la informaci\u00f3n recopilada y rectificarla y\/o cancelarla, as\u00ed como a oponerse a su tratamiento enviando un e-mail a la siguiente direcci\u00f3n webmaster@usca.es indicando claramente su nombre, apellidos y direcci\u00f3n. Si en el plazo de un mes no ha dado ninguna respuesta entenderemos que da su consentimiento aunque \u00e9ste ser\u00e1 revocable en cualquier momento.<\/em><\/p>\n","protected":false},"excerpt":{"rendered":"<p>Bienvenido a la p\u00e1gina de \u00a0suscripci\u00f3n del Bolet\u00edn UscaNet. Rellena el \u00a0siguiente formulario \u00a0y recibir\u00e1s peri\u00f3dicamente un bolet\u00edn digital con las \u00faltimas noticias relacionadas con el sector aeron\u00e1utico. Estaremos tambi\u00e9n encantados de recibir tus sugerencias&#8230;<\/p>\n","protected":false},"author":1,"featured_media":0,"parent":0,"menu_order":0,"comment_status":"closed","ping_status":"closed","template":"","meta":[],"acf":[],"_links":{"self":[{"href":"https:\/\/www.usca.es\/en\/wp-json\/wp\/v2\/pages\/11820"}],"collection":[{"href":"https:\/\/www.usca.es\/en\/wp-json\/wp\/v2\/pages"}],"about":[{"href":"https:\/\/www.usca.es\/en\/wp-json\/wp\/v2\/types\/page"}],"author":[{"embeddable":true,"href":"https:\/\/www.usca.es\/en\/wp-json\/wp\/v2\/users\/1"}],"replies":[{"embeddable":true,"href":"https:\/\/www.usca.es\/en\/wp-json\/wp\/v2\/comments?post=11820"}],"version-history":[{"count":1,"href":"https:\/\/www.usca.es\/en\/wp-json\/wp\/v2\/pages\/11820\/revisions"}],"predecessor-version":[{"id":11821,"href":"https:\/\/www.usca.es\/en\/wp-json\/wp\/v2\/pages\/11820\/revisions\/11821"}],"wp:attachment":[{"href":"https:\/\/www.usca.es\/en\/wp-json\/wp\/v2\/media?parent=11820"}],"curies":[{"name":"wp","href":"https:\/\/api.w.org\/{rel}","templated":true}]}}