{"id":11343,"date":"2015-10-16T14:23:19","date_gmt":"2015-10-16T12:23:19","guid":{"rendered":"https:\/\/www.usca.es\/en\/sobre-nosotros\/historia-de-usca\/"},"modified":"2015-12-01T12:32:40","modified_gmt":"2015-12-01T11:32:40","slug":"history-of-usca","status":"publish","type":"page","link":"https:\/\/www.usca.es\/en\/about-us\/history-of-usca\/","title":{"rendered":"History of USCA"},"content":{"rendered":"<h3><strong>The beginning <\/strong><\/h3>\n<p><strong>First Years <\/strong><\/p>\n<figure id=\"attachment_11199\" aria-describedby=\"caption-attachment-11199\" style=\"width: 290px\" class=\"wp-caption alignleft\"><img loading=\"lazy\" class=\"wp-image-11199\" src=\"https:\/\/www.usca.es\/wp-content\/uploads\/2015\/10\/Foto2.jpeg\" alt=\"Foto2\" width=\"290\" height=\"415\" srcset=\"https:\/\/www.usca.es\/wp-content\/uploads\/2015\/10\/Foto2.jpeg 582w, https:\/\/www.usca.es\/wp-content\/uploads\/2015\/10\/Foto2-210x300.jpeg 210w\" sizes=\"(max-width: 290px) 100vw, 290px\" \/><figcaption id=\"caption-attachment-11199\" class=\"wp-caption-text\">Authorities inaugurating a control tower<\/figcaption><\/figure>\n<p>Air traffic control was born in Spain in the decade of the \u201850s as a branch of the military inside a dictatorial regime, so as one may well imagine, demands could not go beyond the established procedures. In 1967 the unit dedicated to air traffic control was created, and in the early \u201870s Manuel de la Haza who was both a controller and a lawyer, tried to write something similar to a controllers\u2019 statutes, which were obviously turned down by the military authorities.<\/p>\n<p>However, the collective, especially the younger ones, realized that they needed to get together in order to achieve their demands, which had mostly to do with air safety. The situation in Barcelona ACC, whose staff was reinforced every summer with compulsory commissioned people, was totally untenable. In August 1976, a group of young controllers, supported by one of the supervisors (Alfonso Carrera), protested for the first time, and controllers received the promise that management would improve their working conditions and that they would break away from the Ministry of Air Defence competences<\/p>\n<p><strong>New organizations <\/strong><\/p>\n<p>Seeing that these promises fell on deaf ears, in January 1981 a new conflict took place, which ended with the president of Spain, D. Adolfo Su\u00e1rez\u2019s, resignation, just three weeks before the attempted coup d\u2019etat on the 23<sup>rd<\/sup> of February.<\/p>\n<p>It was then that local unions started to merge under the umbrella of AFECA (Federal Association of Spanish Air Traffic Controllers), later ACECA (when it became a confederation). There was also another union called ASCETA that didn\u2019t become part of the federation.<\/p>\n<p>In the mid-eighties, the collective had to face frontal attacks from the administration, like in Easter 1985, when in the context of a hard dispute involving the air traffic controllers in Palma, the ex-minister Enrique Bar\u00f3n received a sentence after describing controllers as \u201cmicrophone terrorists\u201d.<\/p>\n<p><img loading=\"lazy\" class=\"alignleft size-full wp-image-11197\" src=\"https:\/\/www.usca.es\/wp-content\/uploads\/2015\/10\/logo-antiguo.jpg\" alt=\"logo-antiguo\" width=\"1276\" height=\"454\" srcset=\"https:\/\/www.usca.es\/wp-content\/uploads\/2015\/10\/logo-antiguo.jpg 1276w, https:\/\/www.usca.es\/wp-content\/uploads\/2015\/10\/logo-antiguo-300x107.jpg 300w, https:\/\/www.usca.es\/wp-content\/uploads\/2015\/10\/logo-antiguo-1024x364.jpg 1024w, https:\/\/www.usca.es\/wp-content\/uploads\/2015\/10\/logo-antiguo-1000x356.jpg 1000w, https:\/\/www.usca.es\/wp-content\/uploads\/2015\/10\/logo-antiguo-800x285.jpg 800w\" sizes=\"(max-width: 1276px) 100vw, 1276px\" \/><\/p>\n<p>Oddly enough, it was not until the ministry broke an agreement that controllers got together. As time went by, it was clear that the company was not going to pay the controllers what it was obliged to after the Palma case. A local union in Catalunya, ASAC, called for a strike in 1987, bypassing the confederation. The strike was a total success and all the demands were attended, which left the ACECA so badly injured that it was dissolved a few years later. Many controllers from units all over Spain requested to join ASCAC, which was not possible since it was against their statutes. They took the smart decision of creating a new union at national level that would gather all the small regional assemblies and associations.<\/p>\n<p>This is how USCA was born, and Juan Mar\u00eda Garc\u00eda Gil would be the president until the summer of 2010.<\/p>\n<p><strong>Trade Union Unity<\/strong><\/p>\n<figure id=\"attachment_11200\" aria-describedby=\"caption-attachment-11200\" style=\"width: 479px\" class=\"wp-caption alignright\"><img loading=\"lazy\" class=\"wp-image-11200\" src=\"https:\/\/www.usca.es\/wp-content\/uploads\/2015\/10\/A\u00d1O-1965-desde-la-primera-Torre-de-BCN-al-fondo-la-segunda.jpg\" alt=\"First Barcelona Tower. In the background, the second one. 1965\" width=\"479\" height=\"340\" srcset=\"https:\/\/www.usca.es\/wp-content\/uploads\/2015\/10\/A\u00d1O-1965-desde-la-primera-Torre-de-BCN-al-fondo-la-segunda.jpg 800w, https:\/\/www.usca.es\/wp-content\/uploads\/2015\/10\/A\u00d1O-1965-desde-la-primera-Torre-de-BCN-al-fondo-la-segunda-300x213.jpg 300w\" sizes=\"(max-width: 479px) 100vw, 479px\" \/><figcaption id=\"caption-attachment-11200\" class=\"wp-caption-text\">First Barcelona Tower. In the background, the second one. 1965<\/figcaption><\/figure>\n<p>With a single voice representing the collective, it was now much easier to deal with the problems. The union would nonetheless have to overcome some hard obstacles, such as the loss of the condition of civil servants, the creation of ECCA (the controllers\u2019 statutes) or the handing over of Zaragoza airport to military hands, which caused severe uprooting problems that led to a new call for a strike in 1990. This strike never took place thanks to the cooperating spirit of all the parties involved.<\/p>\n<p>In 1992, Aeropuertos Espa\u00f1oles (the Spanish network of airports) and Navegaci\u00f3n A\u00e9rea (the air navigation services) merged into the new Aena, in which controllers and company maintained social peace for over twenty years, largely due to successive agreements extending the working hours.<\/p>\n<p>&nbsp;<\/p>\n","protected":false},"excerpt":{"rendered":"<p>The beginning First Years Air traffic control was born in Spain in the decade of the \u201850s as a branch of the military inside a dictatorial regime, so as one may well imagine, demands could&#8230;<\/p>\n","protected":false},"author":1,"featured_media":0,"parent":11341,"menu_order":0,"comment_status":"closed","ping_status":"closed","template":"","meta":[],"acf":[],"_links":{"self":[{"href":"https:\/\/www.usca.es\/en\/wp-json\/wp\/v2\/pages\/11343"}],"collection":[{"href":"https:\/\/www.usca.es\/en\/wp-json\/wp\/v2\/pages"}],"about":[{"href":"https:\/\/www.usca.es\/en\/wp-json\/wp\/v2\/types\/page"}],"author":[{"embeddable":true,"href":"https:\/\/www.usca.es\/en\/wp-json\/wp\/v2\/users\/1"}],"replies":[{"embeddable":true,"href":"https:\/\/www.usca.es\/en\/wp-json\/wp\/v2\/comments?post=11343"}],"version-history":[{"count":3,"href":"https:\/\/www.usca.es\/en\/wp-json\/wp\/v2\/pages\/11343\/revisions"}],"predecessor-version":[{"id":11962,"href":"https:\/\/www.usca.es\/en\/wp-json\/wp\/v2\/pages\/11343\/revisions\/11962"}],"up":[{"embeddable":true,"href":"https:\/\/www.usca.es\/en\/wp-json\/wp\/v2\/pages\/11341"}],"wp:attachment":[{"href":"https:\/\/www.usca.es\/en\/wp-json\/wp\/v2\/media?parent=11343"}],"curies":[{"name":"wp","href":"https:\/\/api.w.org\/{rel}","templated":true}]}}