{"id":11340,"date":"2015-10-06T15:47:51","date_gmt":"2015-10-06T15:47:51","guid":{"rendered":"https:\/\/www.usca.es\/en\/siguenos\/"},"modified":"2015-12-02T16:53:14","modified_gmt":"2015-12-02T15:53:14","slug":"follow-us","status":"publish","type":"page","link":"https:\/\/www.usca.es\/en\/follow-us\/","title":{"rendered":"Follow us"},"content":{"rendered":"<div class=\"row\">\n<div class=\"columns large-6 social-widget\"><a class=\"twitter-timeline\" href=\"https:\/\/twitter.com\/USCAnet\" data-widget-id=\"671641126198226944\">Tweets de @USCAnet.<\/a><\/div>\n<div class=\"columns large-6 social-widget\"><a class=\"twitter-timeline\" href=\"https:\/\/twitter.com\/controladores\" data-widget-id=\"671756159880155136\">Tweets por el @controladores.<\/a><\/div>\n<\/div>\n<div class=\"row\">\n<div class=\"columns large-6 social-widget\">\n<div class=\"fb-page\" data-href=\"https:\/\/www.facebook.com\/ControladoresAereosSpain\" data-height=\"750\" data-width=\"950\" data-small-header=\"true\" data-adapt-container-width=\"true\" data-hide-cover=\"false\" data-show-facepile=\"false\" data-show-posts=\"true\">\n<div class=\"fb-xfbml-parse-ignore\">\n<blockquote cite=\"https:\/\/www.facebook.com\/ControladoresAereosSpain\"><p><a href=\"https:\/\/www.facebook.com\/ControladoresAereosSpain\">Controladores A\u00e9reos Espa\u00f1oles<\/a><\/p><\/blockquote>\n<\/div>\n<\/div>\n<\/div>\n<div class=\"columns large-6 social-widget\">\t<div class=\"rss-feed\">\n\t\t<img src=\"https:\/\/www.usca.es\/wp-content\/themes\/bourbon\/img\/ca-logo-brand_2.png\">\n\t\t<ul>\n\t\t\t\t    \t\t<li><a href=\"http:\/\/www.controladoresaereos.org\/2026\/01\/15\/que-ocurre-durante-un-despegue-de-barcelona-atc-radio\/\" target=\"_blank\">\u00bfQu\u00e9 ocurre durante un despegue de Barcelona? | ATC Radio<\/a><\/li>\n\t\t\t\t    \t\t<li><a href=\"http:\/\/www.controladoresaereos.org\/2025\/12\/15\/como-ser-controlador-aereo\/\" target=\"_blank\">\u00bfC\u00f3mo ser controlador a\u00e9reo?<\/a><\/li>\n\t\t\t\t    \t\t<li><a href=\"http:\/\/www.controladoresaereos.org\/2025\/12\/11\/donde-trabajan-los-controladores-aereos-torres-y-centros-de-control\/\" target=\"_blank\">\u00bfD\u00f3nde trabajan los controladores a\u00e9reos? Torres y centros\u00a0de\u00a0control<\/a><\/li>\n\t\t\t\t    \t\t<li><a href=\"http:\/\/www.controladoresaereos.org\/2025\/12\/04\/por-que-no-despegamos-demoras-y-slots\/\" target=\"_blank\">\u00bfPor qu\u00e9 no despegamos? \u2013 Demoras y slots<\/a><\/li>\n\t\t\t\t    \t\t<li><a href=\"http:\/\/www.controladoresaereos.org\/2025\/11\/27\/ampliacion-del-aeropuerto-de-barcelona-el-punto-de-vista-de-los-controladores\/\" target=\"_blank\">Ampliaci\u00f3n del Aeropuerto de Barcelona \u2013 El punto de vista de los controladores<\/a><\/li>\n\t\t\t\t    \t\t<li><a href=\"http:\/\/www.controladoresaereos.org\/2025\/11\/20\/un-ano-mas-usca-abre-un-grupo-de-telegram-para-preparar-las-pruebas-a-controlador-aereo-en-enaire\/\" target=\"_blank\">Un a\u00f1o m\u00e1s, USCA abre un grupo de Telegram para preparar las pruebas a Controlador A\u00e9reo en ENAIRE<\/a><\/li>\n\t\t\t\t    \t\t<li><a href=\"http:\/\/www.controladoresaereos.org\/2025\/11\/20\/enaire-publica-la-convocatoria-de-149-plazas-para-controlador-de-transito-aereo\/\" target=\"_blank\">ENAIRE publica la convocatoria de 149 plazas para Controlador de Tr\u00e1nsito A\u00e9reo<\/a><\/li>\n\t\t\t\t    \t\t<li><a href=\"http:\/\/www.controladoresaereos.org\/2025\/11\/13\/hoy-termina-el-37o-congreso-nacional-de-usca-celebrado-en-valencia\/\" target=\"_blank\">Hoy termina el 37\u00ba Congreso Nacional de USCA celebrado en Valencia<\/a><\/li>\n\t\t\t\t    \t\t<li><a href=\"http:\/\/www.controladoresaereos.org\/2025\/10\/15\/faltan-controladores-y-no-lo-decimos-nosotros\/\" target=\"_blank\">Faltan controladores, y no lo decimos nosotros<\/a><\/li>\n\t\t\t\t    \t\t<li><a href=\"http:\/\/www.controladoresaereos.org\/2025\/10\/01\/los-controladores-por-fin-tenemos-colegio-profesional\/\" target=\"_blank\">\u00a1Los controladores por fin tenemos Colegio Profesional!<\/a><\/li>\n\t\t\t\t    \t\t<li><a href=\"http:\/\/www.controladoresaereos.org\/2025\/09\/16\/los-controladores-aereos-de-saerco-sin-vacaciones-ni-dias-libres\/\" target=\"_blank\">Los controladores a\u00e9reos de SAERCO, sin vacaciones ni d\u00edas libres<\/a><\/li>\n\t\t\t\t    \t\t<li><a href=\"http:\/\/www.controladoresaereos.org\/2025\/09\/12\/record-tras-record-y-van\/\" target=\"_blank\">R\u00e9cord tras record, y van\u2026<\/a><\/li>\n\t\t\t\t    \t\t<li><a href=\"http:\/\/www.controladoresaereos.org\/2025\/09\/05\/situacion-extrema-incumplimientos-y-constante-acoso-laboral-de-saerco-a-los-controladores-aereos-de-jerez\/\" target=\"_blank\">Situaci\u00f3n extrema, incumplimientos y constante acoso laboral de SAERCO a los controladores a\u00e9reos de Jerez<\/a><\/li>\n\t\t\t\t    \t\t<li><a href=\"http:\/\/www.controladoresaereos.org\/2025\/09\/04\/ryanair-vs-aena-dos-villanos-a-la-gresca-por-el-pastel-aeronautico-espanol\/\" target=\"_blank\">RYANAIR vs AENA: dos villanos a la gresca por el pastel aeron\u00e1utico espa\u00f1ol.<\/a><\/li>\n\t\t\t\t    \t\t<li><a href=\"http:\/\/www.controladoresaereos.org\/2025\/09\/03\/que-es-lo-que-mas-influye-en-los-controladores-aereos-para-priorizar-un-vuelo-sobre-los-demas\/\" target=\"_blank\">\u00bfQu\u00e9 es lo que m\u00e1s influye en los controladores a\u00e9reos para priorizar un vuelo sobre los dem\u00e1s?<\/a><\/li>\n\t\t\t\t    \t\t<li><a href=\"http:\/\/www.controladoresaereos.org\/2025\/09\/02\/la-mejor-ciberseguridad-a-bordo-es-mantener-la-pericia-de-los-pilotos\/\" target=\"_blank\">La mejor ciberseguridad a bordo es mantener la pericia de los pilotos<\/a><\/li>\n\t\t\t\t    \t\t<li><a href=\"http:\/\/www.controladoresaereos.org\/2025\/08\/22\/sustituira-la-ia-a-los-controladores-aereos\/\" target=\"_blank\">\u00bfSustituir\u00e1 la IA a los controladores a\u00e9reos?<\/a><\/li>\n\t\t\t\t<\/ul>\n\t<\/div>\n\n\t<\/div>\n<\/div>\n","protected":false},"excerpt":{"rendered":"<p>Tweets de @USCAnet. Tweets por el @controladores. Controladores A\u00e9reos Espa\u00f1oles<\/p>\n","protected":false},"author":1,"featured_media":0,"parent":0,"menu_order":0,"comment_status":"closed","ping_status":"closed","template":"templates\/template-fullwidth.php","meta":[],"acf":[],"_links":{"self":[{"href":"https:\/\/www.usca.es\/en\/wp-json\/wp\/v2\/pages\/11340"}],"collection":[{"href":"https:\/\/www.usca.es\/en\/wp-json\/wp\/v2\/pages"}],"about":[{"href":"https:\/\/www.usca.es\/en\/wp-json\/wp\/v2\/types\/page"}],"author":[{"embeddable":true,"href":"https:\/\/www.usca.es\/en\/wp-json\/wp\/v2\/users\/1"}],"replies":[{"embeddable":true,"href":"https:\/\/www.usca.es\/en\/wp-json\/wp\/v2\/comments?post=11340"}],"version-history":[{"count":5,"href":"https:\/\/www.usca.es\/en\/wp-json\/wp\/v2\/pages\/11340\/revisions"}],"predecessor-version":[{"id":11984,"href":"https:\/\/www.usca.es\/en\/wp-json\/wp\/v2\/pages\/11340\/revisions\/11984"}],"wp:attachment":[{"href":"https:\/\/www.usca.es\/en\/wp-json\/wp\/v2\/media?parent=11340"}],"curies":[{"name":"wp","href":"https:\/\/api.w.org\/{rel}","templated":true}]}}