{"id":11328,"date":"2015-10-06T15:48:02","date_gmt":"2015-10-06T15:48:02","guid":{"rendered":"https:\/\/www.usca.es\/contactar\/?lang=en"},"modified":"2021-05-04T12:50:14","modified_gmt":"2021-05-04T10:50:14","slug":"contact","status":"publish","type":"page","link":"https:\/\/www.usca.es\/en\/contact\/","title":{"rendered":"Contact"},"content":{"rendered":"<h4>Headquarters<\/h4>\n<div class=\"flex-video\" style=\"margin-bottom: 20px;\"><iframe loading=\"lazy\" src=\"https:\/\/maps.google.es\/maps?q=41.286852,2.005207&amp;num=1&amp;t=h&amp;ie=UTF8&amp;z=14&amp;ll=41.286216,2.006657&amp;output=embed\" width=\"425\" height=\"350\" frameborder=\"0\" marginwidth=\"0\" marginheight=\"0\" scrolling=\"no\"><\/iframe><\/div>\n<p><strong>Address:<\/strong><\/p>\n<p>Centro de Control de Tr\u00e1nsito A\u00e9reo<br \/>\nCam\u00ed Antic de Valencia, s\/n<br \/>\n(Carretera B210, km 2,6)<br \/>\n08850 \u2013 Gav\u00e1 (BARCELONA)<\/p>\n<p><strong>Phone:<\/strong> 93 478 09 85<\/p>\n<p><strong>FAX:<\/strong> 93 478 09 84<\/p>\n<h4>Contact Form<\/h4>\n<p>If you wish, fill in the following form and we will get in contact with you as soon as possible.<\/p>\n<div role=\"form\" class=\"wpcf7\" id=\"wpcf7-f11831-o1\" dir=\"ltr\">\n<div class=\"screen-reader-response\"><p role=\"status\" aria-live=\"polite\" aria-atomic=\"true\"><\/p> <ul><\/ul><\/div>\n<form action=\"\/en\/wp-json\/wp\/v2\/pages\/11328#wpcf7-f11831-o1\" method=\"post\" class=\"wpcf7-form init wpcf7-acceptance-as-validation\" novalidate=\"novalidate\" data-status=\"init\">\n<div style=\"display: none;\">\n<input type=\"hidden\" name=\"_wpcf7\" value=\"11831\" \/>\n<input type=\"hidden\" name=\"_wpcf7_version\" value=\"5.6\" \/>\n<input type=\"hidden\" name=\"_wpcf7_locale\" value=\"\" \/>\n<input type=\"hidden\" name=\"_wpcf7_unit_tag\" value=\"wpcf7-f11831-o1\" \/>\n<input type=\"hidden\" name=\"_wpcf7_container_post\" value=\"0\" \/>\n<input type=\"hidden\" name=\"_wpcf7_posted_data_hash\" value=\"\" \/>\n<input type=\"hidden\" name=\"_wpcf7_recaptcha_response\" value=\"\" \/>\n<\/div>\n<p>Your Name *<br \/>\n    <span class=\"wpcf7-form-control-wrap\" data-name=\"your-name\"><input type=\"text\" name=\"your-name\" value=\"\" size=\"40\" class=\"wpcf7-form-control wpcf7-text wpcf7-validates-as-required\" aria-required=\"true\" aria-invalid=\"false\" \/><\/span> <\/p>\n<p>Your Email *<br \/>\n    <span class=\"wpcf7-form-control-wrap\" data-name=\"your-email\"><input type=\"email\" name=\"your-email\" value=\"\" size=\"40\" class=\"wpcf7-form-control wpcf7-text wpcf7-email wpcf7-validates-as-required wpcf7-validates-as-email\" aria-required=\"true\" aria-invalid=\"false\" \/><\/span> <\/p>\n<p>Your Message<br \/>\n    <span class=\"wpcf7-form-control-wrap\" data-name=\"your-message\"><textarea name=\"your-message\" cols=\"40\" rows=\"10\" class=\"wpcf7-form-control wpcf7-textarea\" aria-invalid=\"false\"><\/textarea><\/span> <\/p>\n<div class=\"checkbox\"><label><span class=\"wpcf7-form-control-wrap\" data-name=\"acceptance-656\"><span class=\"wpcf7-form-control wpcf7-acceptance\"><span class=\"wpcf7-list-item\"><input type=\"checkbox\" name=\"acceptance-656\" value=\"1\" aria-invalid=\"false\" \/><\/span><\/span><\/span> I have read and understood the <a href=\"https:\/\/www.usca.es\/en\/legal-notice\" rel=\"nofollow\" target=\"_blank\">Privacy Policy<\/a><\/label><\/div>\n<p><input type=\"submit\" value=\"Send\" class=\"wpcf7-form-control has-spinner wpcf7-submit\" \/><\/p>\n<div class=\"wpcf7-response-output\" aria-hidden=\"true\"><\/div><\/form><\/div>\n","protected":false},"excerpt":{"rendered":"<p>Headquarters Address: Centro de Control de Tr\u00e1nsito A\u00e9reo Cam\u00ed Antic de Valencia, s\/n (Carretera B210, km 2,6) 08850 \u2013 Gav\u00e1 (BARCELONA) Phone: 93 478 09 85 FAX: 93 478 09 84 Contact Form If you&#8230;<\/p>\n","protected":false},"author":1,"featured_media":0,"parent":0,"menu_order":0,"comment_status":"closed","ping_status":"closed","template":"","meta":[],"acf":[],"_links":{"self":[{"href":"https:\/\/www.usca.es\/en\/wp-json\/wp\/v2\/pages\/11328"}],"collection":[{"href":"https:\/\/www.usca.es\/en\/wp-json\/wp\/v2\/pages"}],"about":[{"href":"https:\/\/www.usca.es\/en\/wp-json\/wp\/v2\/types\/page"}],"author":[{"embeddable":true,"href":"https:\/\/www.usca.es\/en\/wp-json\/wp\/v2\/users\/1"}],"replies":[{"embeddable":true,"href":"https:\/\/www.usca.es\/en\/wp-json\/wp\/v2\/comments?post=11328"}],"version-history":[{"count":6,"href":"https:\/\/www.usca.es\/en\/wp-json\/wp\/v2\/pages\/11328\/revisions"}],"predecessor-version":[{"id":21587,"href":"https:\/\/www.usca.es\/en\/wp-json\/wp\/v2\/pages\/11328\/revisions\/21587"}],"wp:attachment":[{"href":"https:\/\/www.usca.es\/en\/wp-json\/wp\/v2\/media?parent=11328"}],"curies":[{"name":"wp","href":"https:\/\/api.w.org\/{rel}","templated":true}]}}